{"id":1456,"date":"2021-03-23T13:27:12","date_gmt":"2021-03-23T12:27:12","guid":{"rendered":"https:\/\/www.christen-biel.ch\/dienstleistungen\/krane\/pneukrane\/der-neue-ltm-1120-4-1-der-staerkste-auf-4-achsen-weltweit\/"},"modified":"2021-08-20T11:44:24","modified_gmt":"2021-08-20T09:44:24","slug":"la-nouvelle-ltm-1120-4-1-la-plus-robuste-au-monde-sur-4-essieux","status":"publish","type":"page","link":"https:\/\/www.christen-biel.ch\/fr\/dienstleistungen\/krane\/pneukrane\/la-nouvelle-ltm-1120-4-1-la-plus-robuste-au-monde-sur-4-essieux\/","title":{"rendered":"La nouvelle LTM 1120-4.1 \u2013 la plus robuste au monde sur 4 essieux !"},"content":{"rendered":"<p>Gr\u00e2ce \u00e0 notre nouvelle LTM 1120-4.1 \u2013 il s\u2019agit de la 4 essieux la plus robuste actuellement sur le march\u00e9 et sa fl\u00e8che est la plus longue pour cette cat\u00e9gorie de grue \u2013 nous d\u00e9pla\u00e7ons des \u00e9l\u00e9ments lourds \u00e0 des hauteurs vertigineuses avec un encombrement r\u00e9duit.<\/p>\n<p id=\"video\" class=\"anchor\">\n<div class=\"c-video-embed\">\n<iframe src=\"https:\/\/www.youtube.com\/embed\/Fr4w9bKVBGg\" title=\"YouTube video player\" frameborder=\"0\" allow=\"accelerometer; autoplay; clipboard-write; encrypted-media; gyroscope; picture-in-picture\" allowfullscreen><\/iframe>\n<\/div>\n<h3>Aper\u00e7u des avantages de la LTM 1120-4.1 :<\/h3>\n<ul>\n<li>poids total faible de 48 t avec une capacit\u00e9 de charge \u00e9lev\u00e9e de 120 t<\/li>\n<li>fl\u00e8che la plus longue pour cette cat\u00e9gorie de grue avec 66 m<\/li>\n<li>calage variable pour une capacit\u00e9 de charge encore plus \u00e9lev\u00e9e avec un faible encombrement<\/li>\n<li>positions de lestage variables pour un rayon de rotation optimal dans les situations exigu\u00ebs<\/li>\n<li>pilotage avec radiocommande par un seul op\u00e9rateur<\/li>\n<li>\u00e9clairage pour travaux de nuit<\/li>\n<\/ul>\n<h3>La premi\u00e8re LTM 1120-4.1 en Suisse<\/h3>\n<p>Cette puissante 4 essieux peut intervenir l\u00e0 o\u00f9 5 essieux seraient sinon n\u00e9cessaires, ce qui la rend imbattable lorsque l\u2019espace disponible est restreint. Son poids total modeste de 48 t permet de r\u00e9aliser les op\u00e9rations plus rapidement et avec davantage de flexibilit\u00e9.<\/p>\n<h3>Nos domaines d\u2019intervention avec la LTM 1120-4.1<\/h3>\n<ul>\n<li>montage et d\u00e9montage de grues de chantier<\/li>\n<li>montage d\u2019antennes et m\u00e2ts radio<\/li>\n<li>levage de structures en bois et en acier<\/li>\n<li>levage et d\u00e9placement d\u2019installations industrielles<\/li>\n<li>travaux divers de montage et d\u00e9montage<\/li>\n<li>construction modulaire et de hangars<\/li>\n<li>d\u00e9gagement de v\u00e9hicules<\/li>\n<li>plantation de grands arbres<\/li>\n<li>chargement de conteneurs<\/li>\n<li>travaux d\u2019abattage<\/li>\n<\/ul>\n<h3>Un prestataire unique<\/h3>\n<p>Outre un conseil personnalis\u00e9 sur place et sans engagement, nous vous soutenons dans la r\u00e9alisation de votre projet et mettons \u00e0 votre disposition des grutiers et des sp\u00e9cialistes comp\u00e9tents et exp\u00e9riment\u00e9s qui g\u00e8rent la planification et la mise en \u0153uvre des op\u00e9rations par grue en faisant appel \u00e0 des moyens informatiques de pointe.<\/p>\n<p><!--<a href=\"https:\/\/www.christen-biel.ch\/wp-content\/uploads\/2021\/03\/presseinformation-liebherr-christen-ltm1120-4-1-deutsch-20210325.pdf\" target=\"_blank\" rel=\"noopener noreferrer\">Presseinformation-Liebherr (PDF)<\/a>--><\/p>\n","protected":false},"excerpt":{"rendered":"<p>Gr\u00e2ce \u00e0 notre nouvelle LTM 1120-4.1 \u2013 il s\u2019agit de la 4 essieux la plus robuste actuellement sur le march\u00e9 et sa fl\u00e8che est la plus longue pour cette cat\u00e9gorie de grue \u2013 nous d\u00e9pla\u00e7ons des \u00e9l\u00e9ments lourds \u00e0 des hauteurs vertigineuses avec un encombrement r\u00e9duit. Aper\u00e7u des avantages de la LTM 1120-4.1 : poids [&hellip;]<\/p>\n","protected":false},"author":4,"featured_media":0,"parent":369,"menu_order":0,"comment_status":"closed","ping_status":"closed","template":"page.php","meta":{"footnotes":""},"class_list":["post-1456","page","type-page","status-publish","hentry"],"publishpress_future_workflow_manual_trigger":{"enabledWorkflows":[]},"_links":{"self":[{"href":"https:\/\/www.christen-biel.ch\/fr\/wp-json\/wp\/v2\/pages\/1456","targetHints":{"allow":["GET"]}}],"collection":[{"href":"https:\/\/www.christen-biel.ch\/fr\/wp-json\/wp\/v2\/pages"}],"about":[{"href":"https:\/\/www.christen-biel.ch\/fr\/wp-json\/wp\/v2\/types\/page"}],"author":[{"embeddable":true,"href":"https:\/\/www.christen-biel.ch\/fr\/wp-json\/wp\/v2\/users\/4"}],"replies":[{"embeddable":true,"href":"https:\/\/www.christen-biel.ch\/fr\/wp-json\/wp\/v2\/comments?post=1456"}],"version-history":[{"count":3,"href":"https:\/\/www.christen-biel.ch\/fr\/wp-json\/wp\/v2\/pages\/1456\/revisions"}],"predecessor-version":[{"id":1497,"href":"https:\/\/www.christen-biel.ch\/fr\/wp-json\/wp\/v2\/pages\/1456\/revisions\/1497"}],"up":[{"embeddable":true,"href":"https:\/\/www.christen-biel.ch\/fr\/wp-json\/wp\/v2\/pages\/369"}],"wp:attachment":[{"href":"https:\/\/www.christen-biel.ch\/fr\/wp-json\/wp\/v2\/media?parent=1456"}],"curies":[{"name":"wp","href":"https:\/\/api.w.org\/{rel}","templated":true}]}}