{"id":351,"date":"2016-09-05T14:04:27","date_gmt":"2016-09-05T12:04:27","guid":{"rendered":"https:\/\/www.christen-biel.ch\/fr\/startseite\/"},"modified":"2025-04-16T11:30:36","modified_gmt":"2025-04-16T09:30:36","slug":"startseite","status":"publish","type":"page","link":"https:\/\/www.christen-biel.ch\/fr\/","title":{"rendered":"Transports, Grues Mobiles, Entrep\u00f4ts"},"content":{"rendered":"<h1>NOUS SOMMES L\u2019ENTREPRISE CHRISTEN + CIE SA<\/h1>\n<p>Nous mettons \u00e0 votre disposition des d\u00e9cennies d\u2019exp\u00e9rience dans le domaine des transports lourds ou sp\u00e9ciaux. Gr\u00e2ce \u00e0 nos semi-remorques, remorques et remorques surbaiss\u00e9es, nous sommes en mesure de transporter toutes vos marchandises, quelle que soit leur nature ou leur taille. Nous disposons \u00e9galement d\u2019une palette de camions autogrues tr\u00e8s performants \u00e0 m\u00eame de remplir toutes les missions.<\/p>\n","protected":false},"excerpt":{"rendered":"<p>NOUS SOMMES L\u2019ENTREPRISE CHRISTEN + CIE SA Nous mettons \u00e0 votre disposition des d\u00e9cennies d\u2019exp\u00e9rience dans le domaine des transports lourds ou sp\u00e9ciaux. Gr\u00e2ce \u00e0 nos semi-remorques, remorques et remorques surbaiss\u00e9es, nous sommes en mesure de transporter toutes vos marchandises, quelle que soit leur nature ou leur taille. Nous disposons \u00e9galement d\u2019une palette de camions [&hellip;]<\/p>\n","protected":false},"author":4,"featured_media":0,"parent":0,"menu_order":1,"comment_status":"closed","ping_status":"closed","template":"page-home.php","meta":{"footnotes":""},"class_list":["post-351","page","type-page","status-publish","hentry"],"publishpress_future_workflow_manual_trigger":{"enabledWorkflows":[]},"_links":{"self":[{"href":"https:\/\/www.christen-biel.ch\/fr\/wp-json\/wp\/v2\/pages\/351","targetHints":{"allow":["GET"]}}],"collection":[{"href":"https:\/\/www.christen-biel.ch\/fr\/wp-json\/wp\/v2\/pages"}],"about":[{"href":"https:\/\/www.christen-biel.ch\/fr\/wp-json\/wp\/v2\/types\/page"}],"author":[{"embeddable":true,"href":"https:\/\/www.christen-biel.ch\/fr\/wp-json\/wp\/v2\/users\/4"}],"replies":[{"embeddable":true,"href":"https:\/\/www.christen-biel.ch\/fr\/wp-json\/wp\/v2\/comments?post=351"}],"version-history":[{"count":6,"href":"https:\/\/www.christen-biel.ch\/fr\/wp-json\/wp\/v2\/pages\/351\/revisions"}],"predecessor-version":[{"id":942,"href":"https:\/\/www.christen-biel.ch\/fr\/wp-json\/wp\/v2\/pages\/351\/revisions\/942"}],"wp:attachment":[{"href":"https:\/\/www.christen-biel.ch\/fr\/wp-json\/wp\/v2\/media?parent=351"}],"curies":[{"name":"wp","href":"https:\/\/api.w.org\/{rel}","templated":true}]}}