{"id":352,"date":"2016-10-21T09:51:41","date_gmt":"2016-10-21T07:51:41","guid":{"rendered":"https:\/\/www.christen-biel.ch\/fr\/?page_id=352"},"modified":"2016-12-12T09:31:59","modified_gmt":"2016-12-12T08:31:59","slug":"societe","status":"publish","type":"page","link":"https:\/\/www.christen-biel.ch\/fr\/societe\/","title":{"rendered":"Nous sommes l\u2019entreprise Christen + CIE SA"},"content":{"rendered":"<p>L\u2019entreprise familiale de transport fond\u00e9e en 1882 s\u2019est d\u00e9velopp\u00e9e au fil des ans en une entreprise moderne sp\u00e9cialis\u00e9e dans le domaine des transports sp\u00e9ciaux et des grues.<\/p>\n<p>Aujourd\u2019hui, CHRISTEN + CIE SA est un sp\u00e9cialiste appr\u00e9ci\u00e9 pour les convois sp\u00e9ciaux, transports lourds, d\u00e9m\u00e9nagements d\u2019entreprise, nacelles, autogrues, grues mobiles de construction et camions-grues.<\/p>\n<p>Flexibilit\u00e9, respect des d\u00e9lais, fair-play et comp\u00e9tence ont fait notre r\u00e9putation. C\u2019est pourquoi depuis tant d\u2019ann\u00e9es de nombreuses entreprises \u2013 grandes et petites \u2013 nous accordent leur confiance dans toute la Suisse. <\/p>\n<p>Nos clients sont convaincus par l\u2019excellence de nos prestations, la rapidit\u00e9 et la simplicit\u00e9 de notre ex\u00e9cution des commandes, la comp\u00e9tence de nos conseils, les contacts personnalis\u00e9s que nous entretenons avec eux, et bien entendu par notre infrastructure en constante am\u00e9lioration, toujours \u00e0 la pointe au niveau technique, r\u00e9pondant au mieux aux besoins du march\u00e9 et de la client\u00e8le.<\/p>\n<p>Nos collaborateurs r\u00e9pondent \u00e0 des exigences \u00e9lev\u00e9es, en particulier nos chauffeurs et conducteurs de grue qui sont les meilleurs ambassadeurs de notre entreprise. Nous accordons la plus grande importance \u00e0 la ponctualit\u00e9, \u00e0 la fiabilit\u00e9, ainsi qu\u2019\u00e0 un comportement irr\u00e9prochable vis-\u00e0-vis de nos clients et partenaires.  <\/p>\n","protected":false},"excerpt":{"rendered":"<p>L\u2019entreprise familiale de transport fond\u00e9e en 1882 s\u2019est d\u00e9velopp\u00e9e au fil des ans en une entreprise moderne sp\u00e9cialis\u00e9e dans le domaine des transports sp\u00e9ciaux et des grues. Aujourd\u2019hui, CHRISTEN + CIE SA est un sp\u00e9cialiste appr\u00e9ci\u00e9 pour les convois sp\u00e9ciaux, transports lourds, d\u00e9m\u00e9nagements d\u2019entreprise, nacelles, autogrues, grues mobiles de construction et camions-grues. Flexibilit\u00e9, respect des [&hellip;]<\/p>\n","protected":false},"author":4,"featured_media":0,"parent":0,"menu_order":2,"comment_status":"closed","ping_status":"closed","template":"page-about-us.php","meta":{"footnotes":""},"class_list":["post-352","page","type-page","status-publish","hentry"],"publishpress_future_workflow_manual_trigger":{"enabledWorkflows":[]},"_links":{"self":[{"href":"https:\/\/www.christen-biel.ch\/fr\/wp-json\/wp\/v2\/pages\/352","targetHints":{"allow":["GET"]}}],"collection":[{"href":"https:\/\/www.christen-biel.ch\/fr\/wp-json\/wp\/v2\/pages"}],"about":[{"href":"https:\/\/www.christen-biel.ch\/fr\/wp-json\/wp\/v2\/types\/page"}],"author":[{"embeddable":true,"href":"https:\/\/www.christen-biel.ch\/fr\/wp-json\/wp\/v2\/users\/4"}],"replies":[{"embeddable":true,"href":"https:\/\/www.christen-biel.ch\/fr\/wp-json\/wp\/v2\/comments?post=352"}],"version-history":[{"count":4,"href":"https:\/\/www.christen-biel.ch\/fr\/wp-json\/wp\/v2\/pages\/352\/revisions"}],"predecessor-version":[{"id":833,"href":"https:\/\/www.christen-biel.ch\/fr\/wp-json\/wp\/v2\/pages\/352\/revisions\/833"}],"wp:attachment":[{"href":"https:\/\/www.christen-biel.ch\/fr\/wp-json\/wp\/v2\/media?parent=352"}],"curies":[{"name":"wp","href":"https:\/\/api.w.org\/{rel}","templated":true}]}}