{"id":354,"date":"2016-09-09T13:51:29","date_gmt":"2016-09-09T11:51:29","guid":{"rendered":"https:\/\/www.christen-biel.ch\/fr\/wir-sind-christen-ag-cie\/geschichte\/"},"modified":"2025-11-12T09:09:33","modified_gmt":"2025-11-12T08:09:33","slug":"geschichte","status":"publish","type":"page","link":"https:\/\/www.christen-biel.ch\/fr\/societe\/geschichte\/","title":{"rendered":"Histoire"},"content":{"rendered":"<p>L\u2019entreprise de transport Friedrich Christen est cr\u00e9\u00e9e en 1882 \u00e0 la rue du Stand \u00e0 Bienne. <\/p>\n<p>Entre 1922 et 1930, l\u2019\u00e9tablissement s\u2019agrandit rapidement, notamment avec la reprise de l\u2019entreprise de transport Bertschinger, de l\u2019entreprise de d\u00e9m\u00e9nagement Ruch S\u00f6hne SA et de l\u2019entreprise de combustibles J.\u00a0Bertschi SA.<\/p>\n<p>Le manque de place se fait alors sentir. Pour y faire face, on construit en\u00a01930 \u00e0 la rue des Cygnes\u00a036 un hangar pour v\u00e9hicules et un entrep\u00f4t \u00e0 charbon, avec acc\u00e8s aux chemins de fer. Dix ans plus tard, un nouveau b\u00e2timent vient compl\u00e9ter cet ensemble. <\/p>\n<p>Une bonne dizaine d\u2019ann\u00e9es plus tard, en 1954, s\u2019ajoutent encore un b\u00e2timent administratif et un entrep\u00f4t, au 26 et au 34 de la rue des Cygnes. <\/p>\n<p>En 1989, la quatri\u00e8me g\u00e9n\u00e9ration entre en sc\u00e8ne avec Thomas Christen, qui reprend les r\u00eanes de l\u2019entreprise CHRISTEN + CIE SA en 1995.<\/p>\n<p>En 2015, Fabrice Gross, repr\u00e9sentant de la cinqui\u00e8me g\u00e9n\u00e9ration, rejoint l&rsquo;entreprise. Il prendra la direction de Christen &#038; Cie. SA en 2025.<\/p>\n","protected":false},"excerpt":{"rendered":"<p>L\u2019entreprise de transport Friedrich Christen est cr\u00e9\u00e9e en 1882 \u00e0 la rue du Stand \u00e0 Bienne. Entre 1922 et 1930, l\u2019\u00e9tablissement s\u2019agrandit rapidement, notamment avec la reprise de l\u2019entreprise de transport Bertschinger, de l\u2019entreprise de d\u00e9m\u00e9nagement Ruch S\u00f6hne SA et de l\u2019entreprise de combustibles J.\u00a0Bertschi SA. Le manque de place se fait alors sentir. Pour [&hellip;]<\/p>\n","protected":false},"author":4,"featured_media":0,"parent":352,"menu_order":0,"comment_status":"closed","ping_status":"closed","template":"page-geschichte.php","meta":{"footnotes":""},"class_list":["post-354","page","type-page","status-publish","hentry"],"publishpress_future_workflow_manual_trigger":{"enabledWorkflows":[]},"_links":{"self":[{"href":"https:\/\/www.christen-biel.ch\/fr\/wp-json\/wp\/v2\/pages\/354","targetHints":{"allow":["GET"]}}],"collection":[{"href":"https:\/\/www.christen-biel.ch\/fr\/wp-json\/wp\/v2\/pages"}],"about":[{"href":"https:\/\/www.christen-biel.ch\/fr\/wp-json\/wp\/v2\/types\/page"}],"author":[{"embeddable":true,"href":"https:\/\/www.christen-biel.ch\/fr\/wp-json\/wp\/v2\/users\/4"}],"replies":[{"embeddable":true,"href":"https:\/\/www.christen-biel.ch\/fr\/wp-json\/wp\/v2\/comments?post=354"}],"version-history":[{"count":5,"href":"https:\/\/www.christen-biel.ch\/fr\/wp-json\/wp\/v2\/pages\/354\/revisions"}],"predecessor-version":[{"id":1594,"href":"https:\/\/www.christen-biel.ch\/fr\/wp-json\/wp\/v2\/pages\/354\/revisions\/1594"}],"up":[{"embeddable":true,"href":"https:\/\/www.christen-biel.ch\/fr\/wp-json\/wp\/v2\/pages\/352"}],"wp:attachment":[{"href":"https:\/\/www.christen-biel.ch\/fr\/wp-json\/wp\/v2\/media?parent=354"}],"curies":[{"name":"wp","href":"https:\/\/api.w.org\/{rel}","templated":true}]}}