{"id":367,"date":"2016-09-12T11:19:16","date_gmt":"2016-09-12T09:19:16","guid":{"rendered":"https:\/\/www.christen-biel.ch\/fr\/dienstleistungen\/schwertransporte\/"},"modified":"2017-11-13T14:15:31","modified_gmt":"2017-11-13T13:15:31","slug":"schwertransporte","status":"publish","type":"page","link":"https:\/\/www.christen-biel.ch\/fr\/dienstleistungen\/transporte\/schwertransporte\/","title":{"rendered":"Transports lourds"},"content":{"rendered":"<p>Avec notre large palette de v\u00e9hicules et nos collaborateurs exp\u00e9riment\u00e9s, nous transportons vos objets les plus lourds de mani\u00e8re s\u00fbre et fiable. Nous mettons \u00e0 votre service des d\u00e9cennies d\u2019exp\u00e9rience dans le domaine des transports lourds. Gr\u00e2ce \u00e0 notre planification minutieuse de chaque op\u00e9ration, \u00e0 notre capacit\u00e9 d\u2019adaptation et \u00e0 notre coordination en amont, nous pouvons assurer que les marchandises arrivent \u00e0 destination sans encombre, en temps et lieux utiles. <\/p>\n<h3>Notre offre de transports lourds:<\/h3>\n<ul>\n<li>Machines de chantier de toutes sortes<\/li>\n<li>El\u00e9ments en b\u00e9ton<\/li>\n<li>Armatures pour le b\u00e9ton arm\u00e9<\/li>\n<li>Transformateurs<\/li>\n<li>Machines industrielles<\/li>\n<li>Bateaux<\/li>\n<\/ul>\n<h3>Un prestataire unique<\/h3>\n<p>Nous vous offrons un \u00e9ventail complet de solutions de transport sur mesure, allant de divers semi-remorques, remorques et remorques surbaiss\u00e9es aux v\u00e9hicules sp\u00e9ciaux comme les autogrues et les camions-grues, mais aussi\u00a0: <\/p>\n<ul>\n<li>un conseil personnalis\u00e9 et sans engagement<\/li>\n<li>la planification et l\u2019ex\u00e9cution des transports lourds d\u2019un site \u00e0 un autre<\/li>\n<li>l\u2019organisation et la coordination (p. ex. autorisations, escorte de police, etc.)<\/li>\n<li>l\u2019engagement de v\u00e9hicules sp\u00e9ciaux appropri\u00e9s (v\u00e9hicules surbaiss\u00e9s, autogrues, camions-grues)<\/li>\n<\/ul>\n","protected":false},"excerpt":{"rendered":"<p>Avec notre large palette de v\u00e9hicules et nos collaborateurs exp\u00e9riment\u00e9s, nous transportons vos objets les plus lourds de mani\u00e8re s\u00fbre et fiable. Nous mettons \u00e0 votre service des d\u00e9cennies d\u2019exp\u00e9rience dans le domaine des transports lourds. Gr\u00e2ce \u00e0 notre planification minutieuse de chaque op\u00e9ration, \u00e0 notre capacit\u00e9 d\u2019adaptation et \u00e0 notre coordination en amont, nous [&hellip;]<\/p>\n","protected":false},"author":4,"featured_media":0,"parent":366,"menu_order":2,"comment_status":"closed","ping_status":"closed","template":"page.php","meta":{"footnotes":""},"class_list":["post-367","page","type-page","status-publish","hentry"],"publishpress_future_workflow_manual_trigger":{"enabledWorkflows":[]},"_links":{"self":[{"href":"https:\/\/www.christen-biel.ch\/fr\/wp-json\/wp\/v2\/pages\/367","targetHints":{"allow":["GET"]}}],"collection":[{"href":"https:\/\/www.christen-biel.ch\/fr\/wp-json\/wp\/v2\/pages"}],"about":[{"href":"https:\/\/www.christen-biel.ch\/fr\/wp-json\/wp\/v2\/types\/page"}],"author":[{"embeddable":true,"href":"https:\/\/www.christen-biel.ch\/fr\/wp-json\/wp\/v2\/users\/4"}],"replies":[{"embeddable":true,"href":"https:\/\/www.christen-biel.ch\/fr\/wp-json\/wp\/v2\/comments?post=367"}],"version-history":[{"count":7,"href":"https:\/\/www.christen-biel.ch\/fr\/wp-json\/wp\/v2\/pages\/367\/revisions"}],"predecessor-version":[{"id":840,"href":"https:\/\/www.christen-biel.ch\/fr\/wp-json\/wp\/v2\/pages\/367\/revisions\/840"}],"up":[{"embeddable":true,"href":"https:\/\/www.christen-biel.ch\/fr\/wp-json\/wp\/v2\/pages\/366"}],"wp:attachment":[{"href":"https:\/\/www.christen-biel.ch\/fr\/wp-json\/wp\/v2\/media?parent=367"}],"curies":[{"name":"wp","href":"https:\/\/api.w.org\/{rel}","templated":true}]}}