{"id":371,"date":"2016-09-12T11:22:19","date_gmt":"2016-09-12T09:22:19","guid":{"rendered":"https:\/\/www.christen-biel.ch\/fr\/dienstleistungen\/industrieumzuege\/"},"modified":"2016-12-14T09:49:57","modified_gmt":"2016-12-14T08:49:57","slug":"industrieumzuege","status":"publish","type":"page","link":"https:\/\/www.christen-biel.ch\/fr\/dienstleistungen\/industrieumzuege\/","title":{"rendered":"D\u00e9m\u00e9nagements industriels"},"content":{"rendered":"<p>Les d\u00e9m\u00e9nagements, en particulier dans le domaine industriel, sont souvent d\u00e9licats et n\u00e9cessitent beaucoup de doigt\u00e9 et d\u2019exp\u00e9rience. Un acc\u00e8s difficile, une marge de man\u0153uvre restreinte et des machines sensibles exigent une grande concentration, un travail minutieux et souvent de la flexibilit\u00e9 et de la cr\u00e9ativit\u00e9.<\/p>\n<p>Les d\u00e9m\u00e9nagements professionnels industriels sont notre sp\u00e9cialit\u00e9. Nous levons et d\u00e9pla\u00e7ons de grands objets au millim\u00e8tre pr\u00e8s avec l\u2019aide de coussins d\u2019air ou de chariots de d\u00e9m\u00e9nagement. Qu\u2019il s\u2019agisse du d\u00e9m\u00e9nagement d\u2019un coffre-fort ou de la d\u00e9localisation d\u2019un parc de production d\u2019entreprise, nous veillons \u00e0 ce que votre d\u00e9m\u00e9nagement ou votre mandat d\u2019\u00e9vacuation se passe comme pr\u00e9vu et tout en douceur. <\/p>\n<h3>Un prestataire unique<\/h3>\n<p>Nous vous apportons des conseils professionnels et complets et clarifions avec vous tous les d\u00e9tails \u00e0 l\u2019avance\u00a0:<\/p>\n<ul>\n<li>Visite des lieux, \u00e9valuation et offre gratuite<\/li>\n<li>Planification et coordination de tous les moyens et outils n\u00e9cessaires<\/li>\n<li>D\u00e9m\u00e9nagement d\u2019industrie avec grue, convoi sp\u00e9cial et transport lourd d\u2019un lieu \u00e0 l\u2019autre<\/li>\n<li>Elimination et recyclage selon les normes<\/li>\n<\/ul>\n","protected":false},"excerpt":{"rendered":"<p>Les d\u00e9m\u00e9nagements, en particulier dans le domaine industriel, sont souvent d\u00e9licats et n\u00e9cessitent beaucoup de doigt\u00e9 et d\u2019exp\u00e9rience. Un acc\u00e8s difficile, une marge de man\u0153uvre restreinte et des machines sensibles exigent une grande concentration, un travail minutieux et souvent de la flexibilit\u00e9 et de la cr\u00e9ativit\u00e9. Les d\u00e9m\u00e9nagements professionnels industriels sont notre sp\u00e9cialit\u00e9. Nous levons [&hellip;]<\/p>\n","protected":false},"author":4,"featured_media":0,"parent":365,"menu_order":4,"comment_status":"closed","ping_status":"closed","template":"page.php","meta":{"footnotes":""},"class_list":["post-371","page","type-page","status-publish","hentry"],"publishpress_future_workflow_manual_trigger":{"enabledWorkflows":[]},"_links":{"self":[{"href":"https:\/\/www.christen-biel.ch\/fr\/wp-json\/wp\/v2\/pages\/371","targetHints":{"allow":["GET"]}}],"collection":[{"href":"https:\/\/www.christen-biel.ch\/fr\/wp-json\/wp\/v2\/pages"}],"about":[{"href":"https:\/\/www.christen-biel.ch\/fr\/wp-json\/wp\/v2\/types\/page"}],"author":[{"embeddable":true,"href":"https:\/\/www.christen-biel.ch\/fr\/wp-json\/wp\/v2\/users\/4"}],"replies":[{"embeddable":true,"href":"https:\/\/www.christen-biel.ch\/fr\/wp-json\/wp\/v2\/comments?post=371"}],"version-history":[{"count":13,"href":"https:\/\/www.christen-biel.ch\/fr\/wp-json\/wp\/v2\/pages\/371\/revisions"}],"predecessor-version":[{"id":934,"href":"https:\/\/www.christen-biel.ch\/fr\/wp-json\/wp\/v2\/pages\/371\/revisions\/934"}],"up":[{"embeddable":true,"href":"https:\/\/www.christen-biel.ch\/fr\/wp-json\/wp\/v2\/pages\/365"}],"wp:attachment":[{"href":"https:\/\/www.christen-biel.ch\/fr\/wp-json\/wp\/v2\/media?parent=371"}],"curies":[{"name":"wp","href":"https:\/\/api.w.org\/{rel}","templated":true}]}}