{"id":373,"date":"2016-10-20T16:50:25","date_gmt":"2016-10-20T14:50:25","guid":{"rendered":"https:\/\/www.christen-biel.ch\/fr\/j-bertschi-ag\/"},"modified":"2016-12-12T11:15:35","modified_gmt":"2016-12-12T10:15:35","slug":"j-bertschi-ag","status":"publish","type":"page","link":"https:\/\/www.christen-biel.ch\/fr\/dienstleistungen\/j-bertschi-ag\/","title":{"rendered":"J. Bertschi SA Bienne"},"content":{"rendered":"<p>Nous mettons \u00e0 votre disposition des surfaces de stockage flexibles et vous trouverez assur\u00e9ment chez nous la place dont vous avez besoin. Nous entreposons vos marchandises \u2013 petites et grandes \u2013 de mani\u00e8re s\u00fbre, peu co\u00fbteuse et illimit\u00e9e dans le temps. Apr\u00e8s des mois ou m\u00eame des ann\u00e9es, nous vous ramenons vos marchandises en toute s\u00e9curit\u00e9 sur un simple coup de fil. Vous \u00e9conomisez ainsi espace de stockage et argent, tout en vous assurant un acc\u00e8s en tout temps \u00e0 vos marchandises. \t<\/p>\n<h3>Nous entreposons vos marchandises de mani\u00e8re s\u00fbre, peu co\u00fbteuse et illimit\u00e9e dans le temps\u00a0:<\/h3>\n<ul>\n<li>lors de s\u00e9jours \u00e0 l\u2019\u00e9tranger ou d\u2019absence prolong\u00e9e<\/li>\n<li>en cas de r\u00e9novation ou de r\u00e9installation<\/li>\n<li>lorsque vous manquez de place<\/li>\n<\/ul>\n<h3>Notre offre de services pour entreprises:<\/h3>\n<ul>\n<li>Entreposage pour pr\u00e9paration de marchandises de toutes sortes<\/li>\n<li>Surfaces ext\u00e9rieures pour un entreposage provisoire d\u2019\u00e9l\u00e9ments de grue, grues \u00e0 montage rapide, containers, machines de chantier ou corps en acier<\/li>\n<li>Grand espace pour manutention de marchandise<\/li>\n<ul>\n<h3>Nouvelle surface de stockage \u00e0 Pieterlen<\/h3>\n<p>Nous disposons d\u2019une nouvelle surface de stockage ext\u00e9rieure de 17&rsquo;000 m<sup>2<\/sup> \u00e0 Pieterlen. Cette aire gigantesque est cl\u00f4tur\u00e9e, s\u00e9curis\u00e9e et munie d\u2019un portail automatique. Toutes les marchandises sont accessibles en tout temps et peuvent \u00eatre livr\u00e9e \u00e0 l\u2019endroit souhait\u00e9, avec chargement et d\u00e9chargement. C\u2019est l\u2019endroit id\u00e9al pour un entreposage provisoire de\u00a0:<\/p>\n<ul>\n<li>\u00e9l\u00e9ments de grue<\/li>\n<li>grues \u00e0 montage rapide<\/li>\n<li>containers<\/li>\n<li>machines de chantier<\/li>\n<li>constructions en acier ou ferraillage<\/li>\n<\/ul>\n<h3>Stations d\u2019essence<\/h3>\n<p>Notre station d\u2019essence de la rue des Cygnes 34 \u00e0 Bienne fournit \u00e0 notre client\u00e8le tant professionnelle que priv\u00e9e un carburant d\u2019excellente qualit\u00e9, \u00e0 petit prix, \u00e0 toute heure du jour. Chez nous, vous faites le plein simplement et rapidement, et vous payez sur facture. <\/p>\n<p>Nous vendons de l\u2019essence et du diesel, dans des colonnes standards, ou \u00e0 haut d\u00e9bit pour les poids lourds. Nous fournissons \u00e9galement de l\u2019air comprim\u00e9.<\/p>\n<p>Vous profitez de prix avantageux, d\u2019un temps d\u2019attente r\u00e9duit et d\u2019un syst\u00e8me de cl\u00e9 tr\u00e8s simple, avec une facturation mensuelle par cl\u00e9.\t<\/p>\n<h3>Gaz propane<\/h3>\n<p>Nous g\u00e9rons un d\u00e9p\u00f4t de gaz propane de grande qualit\u00e9 conditionn\u00e9 en bonbonnes de 5\u00a0kg, 11\u00a0kg et 35\u00a0kg. Nous avons toujours suffisamment de produits de qualit\u00e9 en r\u00e9serve. Sur demande, nous effectuons \u00e9galement des livraisons \u00e0 domicile pour \u00e9changer une bonbonne pleine contre une vide. \t<\/p>\n","protected":false},"excerpt":{"rendered":"<p>Nous mettons \u00e0 votre disposition des surfaces de stockage flexibles et vous trouverez assur\u00e9ment chez nous la place dont vous avez besoin. Nous entreposons vos marchandises \u2013 petites et grandes \u2013 de mani\u00e8re s\u00fbre, peu co\u00fbteuse et illimit\u00e9e dans le temps. Apr\u00e8s des mois ou m\u00eame des ann\u00e9es, nous vous ramenons vos marchandises en toute [&hellip;]<\/p>\n","protected":false},"author":4,"featured_media":0,"parent":365,"menu_order":16,"comment_status":"closed","ping_status":"closed","template":"page.php","meta":{"footnotes":""},"class_list":["post-373","page","type-page","status-publish","hentry"],"publishpress_future_workflow_manual_trigger":{"enabledWorkflows":[]},"_links":{"self":[{"href":"https:\/\/www.christen-biel.ch\/fr\/wp-json\/wp\/v2\/pages\/373","targetHints":{"allow":["GET"]}}],"collection":[{"href":"https:\/\/www.christen-biel.ch\/fr\/wp-json\/wp\/v2\/pages"}],"about":[{"href":"https:\/\/www.christen-biel.ch\/fr\/wp-json\/wp\/v2\/types\/page"}],"author":[{"embeddable":true,"href":"https:\/\/www.christen-biel.ch\/fr\/wp-json\/wp\/v2\/users\/4"}],"replies":[{"embeddable":true,"href":"https:\/\/www.christen-biel.ch\/fr\/wp-json\/wp\/v2\/comments?post=373"}],"version-history":[{"count":5,"href":"https:\/\/www.christen-biel.ch\/fr\/wp-json\/wp\/v2\/pages\/373\/revisions"}],"predecessor-version":[{"id":871,"href":"https:\/\/www.christen-biel.ch\/fr\/wp-json\/wp\/v2\/pages\/373\/revisions\/871"}],"up":[{"embeddable":true,"href":"https:\/\/www.christen-biel.ch\/fr\/wp-json\/wp\/v2\/pages\/365"}],"wp:attachment":[{"href":"https:\/\/www.christen-biel.ch\/fr\/wp-json\/wp\/v2\/media?parent=373"}],"curies":[{"name":"wp","href":"https:\/\/api.w.org\/{rel}","templated":true}]}}