{"id":845,"date":"2016-11-24T15:25:35","date_gmt":"2016-11-24T14:25:35","guid":{"rendered":"https:\/\/www.christen-biel.ch\/dienstleistungen\/transporte\/express-transporte\/"},"modified":"2016-12-12T10:34:35","modified_gmt":"2016-12-12T09:34:35","slug":"express-transporte","status":"publish","type":"page","link":"https:\/\/www.christen-biel.ch\/fr\/dienstleistungen\/transporte\/express-transporte\/","title":{"rendered":"Transports express"},"content":{"rendered":"<p>Nous effectuons pour vous des transports directs par express dans toute la Suisse. M\u00eame \u00e0 courte \u00e9ch\u00e9ance, notre coursier vient personnellement chercher votre marchandise ou votre envoi et les livre intacts au destinataire \u2013 directement, rapidement et ponctuellement. Nous avons une solution pour tous vos envois, m\u00eame les plus petits. <\/p>\n","protected":false},"excerpt":{"rendered":"<p>Nous effectuons pour vous des transports directs par express dans toute la Suisse. M\u00eame \u00e0 courte \u00e9ch\u00e9ance, notre coursier vient personnellement chercher votre marchandise ou votre envoi et les livre intacts au destinataire \u2013 directement, rapidement et ponctuellement. Nous avons une solution pour tous vos envois, m\u00eame les plus petits.<\/p>\n","protected":false},"author":4,"featured_media":0,"parent":366,"menu_order":3,"comment_status":"closed","ping_status":"closed","template":"page.php","meta":{"footnotes":""},"class_list":["post-845","page","type-page","status-publish","hentry"],"publishpress_future_workflow_manual_trigger":{"enabledWorkflows":[]},"_links":{"self":[{"href":"https:\/\/www.christen-biel.ch\/fr\/wp-json\/wp\/v2\/pages\/845","targetHints":{"allow":["GET"]}}],"collection":[{"href":"https:\/\/www.christen-biel.ch\/fr\/wp-json\/wp\/v2\/pages"}],"about":[{"href":"https:\/\/www.christen-biel.ch\/fr\/wp-json\/wp\/v2\/types\/page"}],"author":[{"embeddable":true,"href":"https:\/\/www.christen-biel.ch\/fr\/wp-json\/wp\/v2\/users\/4"}],"replies":[{"embeddable":true,"href":"https:\/\/www.christen-biel.ch\/fr\/wp-json\/wp\/v2\/comments?post=845"}],"version-history":[{"count":1,"href":"https:\/\/www.christen-biel.ch\/fr\/wp-json\/wp\/v2\/pages\/845\/revisions"}],"predecessor-version":[{"id":846,"href":"https:\/\/www.christen-biel.ch\/fr\/wp-json\/wp\/v2\/pages\/845\/revisions\/846"}],"up":[{"embeddable":true,"href":"https:\/\/www.christen-biel.ch\/fr\/wp-json\/wp\/v2\/pages\/366"}],"wp:attachment":[{"href":"https:\/\/www.christen-biel.ch\/fr\/wp-json\/wp\/v2\/media?parent=845"}],"curies":[{"name":"wp","href":"https:\/\/api.w.org\/{rel}","templated":true}]}}