{"id":847,"date":"2016-11-24T15:27:34","date_gmt":"2016-11-24T14:27:34","guid":{"rendered":"https:\/\/www.christen-biel.ch\/dienstleistungen\/transporte\/muldenservice\/"},"modified":"2016-12-12T10:36:40","modified_gmt":"2016-12-12T09:36:40","slug":"muldenservice","status":"publish","type":"page","link":"https:\/\/www.christen-biel.ch\/fr\/dienstleistungen\/transporte\/muldenservice\/","title":{"rendered":"Service de bennes"},"content":{"rendered":"<p>Nous mettons \u00e0 votre disposition la benne ad\u00e9quate \u00e0 l\u2019endroit et au moment o\u00f9 vous en avez besoin. Nous assurons le remplacement des bennes, leur transport et l\u2019\u00e9limination de leur contenu selon les normes. <\/p>\n<p>Qu\u2019il s\u2019agisse de d\u00e9blais, de gravats, de sable, de gravier, de branchages, de bois, de papier, de d\u00e9chets ou d\u2019objets encombrants, nous \u00e9vacuons le tout de mani\u00e8re professionnelle, en collaboration avec nos entreprises partenaires.<\/p>\n","protected":false},"excerpt":{"rendered":"<p>Nous mettons \u00e0 votre disposition la benne ad\u00e9quate \u00e0 l\u2019endroit et au moment o\u00f9 vous en avez besoin. Nous assurons le remplacement des bennes, leur transport et l\u2019\u00e9limination de leur contenu selon les normes. Qu\u2019il s\u2019agisse de d\u00e9blais, de gravats, de sable, de gravier, de branchages, de bois, de papier, de d\u00e9chets ou d\u2019objets encombrants, [&hellip;]<\/p>\n","protected":false},"author":4,"featured_media":0,"parent":366,"menu_order":4,"comment_status":"closed","ping_status":"closed","template":"page.php","meta":{"footnotes":""},"class_list":["post-847","page","type-page","status-publish","hentry"],"publishpress_future_workflow_manual_trigger":{"enabledWorkflows":[]},"_links":{"self":[{"href":"https:\/\/www.christen-biel.ch\/fr\/wp-json\/wp\/v2\/pages\/847","targetHints":{"allow":["GET"]}}],"collection":[{"href":"https:\/\/www.christen-biel.ch\/fr\/wp-json\/wp\/v2\/pages"}],"about":[{"href":"https:\/\/www.christen-biel.ch\/fr\/wp-json\/wp\/v2\/types\/page"}],"author":[{"embeddable":true,"href":"https:\/\/www.christen-biel.ch\/fr\/wp-json\/wp\/v2\/users\/4"}],"replies":[{"embeddable":true,"href":"https:\/\/www.christen-biel.ch\/fr\/wp-json\/wp\/v2\/comments?post=847"}],"version-history":[{"count":1,"href":"https:\/\/www.christen-biel.ch\/fr\/wp-json\/wp\/v2\/pages\/847\/revisions"}],"predecessor-version":[{"id":849,"href":"https:\/\/www.christen-biel.ch\/fr\/wp-json\/wp\/v2\/pages\/847\/revisions\/849"}],"up":[{"embeddable":true,"href":"https:\/\/www.christen-biel.ch\/fr\/wp-json\/wp\/v2\/pages\/366"}],"wp:attachment":[{"href":"https:\/\/www.christen-biel.ch\/fr\/wp-json\/wp\/v2\/media?parent=847"}],"curies":[{"name":"wp","href":"https:\/\/api.w.org\/{rel}","templated":true}]}}