{"id":855,"date":"2016-11-25T14:06:52","date_gmt":"2016-11-25T13:06:52","guid":{"rendered":"https:\/\/www.christen-biel.ch\/dienstleistungen\/krane\/mobilbaukrane\/"},"modified":"2017-11-13T14:10:38","modified_gmt":"2017-11-13T13:10:38","slug":"mobilbaukrane","status":"publish","type":"page","link":"https:\/\/www.christen-biel.ch\/fr\/dienstleistungen\/krane\/mobilbaukrane\/","title":{"rendered":"Grues mobiles de construction"},"content":{"rendered":"<p>Notre nouvelle grue mobile de construction MK88 \u2013 la plus grande et la plus puissante grue \u00e0 quatre essieux actuellement sur le march\u00e9 \u2013 est venue r\u00e9cemment compl\u00e9ter notre flotte d\u2019autogrues. Cette grue peut se d\u00e9ployer sans qu\u2019il soit n\u00e9cessaire de transporter s\u00e9par\u00e9ment des contrepoids. La tour verticale permet de la monter et de l\u2019utiliser directement contre un b\u00e2timent. La grue MK88 occupe particuli\u00e8rement peu de place au sol et peut \u00eatre install\u00e9e et man\u0153uvr\u00e9e par une personne seule. <\/p>\n<h3>Les avantages de la grue MK88:<\/h3>\n<ul>\n<li>Installation sans transport s\u00e9par\u00e9 de contrepoids<\/li>\n<li>Montage et d\u00e9montage rapide<\/li>\n<li>Technique moderne et haut rendement de travail<\/li>\n<li>Manipulation par une personne seule par t\u00e9l\u00e9commande radio ou par cam\u00e9ra sur le chariot roulant<\/li>\n<li>Groupe \u00e9lectrog\u00e8ne diesel \u00e9conomique et peu bruyant avec filtre \u00e0 particules<\/li>\n<li>Eclairage pour travaux de nuit<\/li>\n<\/ul>\n<h3>Nos domaines d\u2019intervention avec la grue MK88:<\/h3>\n<ul>\n<li>Construction en bois, en m\u00e9tal ou de halles<\/li>\n<li>Assainissement de toits plats ou en pente<\/li>\n<li>Assainissement de balcons et de terrasses<\/li>\n<li>Edification de fen\u00eatres, de fa\u00e7ades et d\u2019antennes<\/li>\n<li>Installation de panneaux solaires<\/li>\n<li>Divers travaux de montage et de d\u00e9montage<\/li>\n<\/ul>\n<h3>Un prestataire unique<\/h3>\n<p>Nous vous offrons un conseil personnalis\u00e9 et sans engagement sur place, nous vous assistons dans vos projets, et nous mettons \u00e0 votre disposition des conducteurs de grue et des sp\u00e9cialistes exp\u00e9riment\u00e9s qui planifieront et m\u00e8neront \u00e0 bien les travaux de grutage avec l\u2019aide de moyens informatiques les plus modernes.<\/p>\n","protected":false},"excerpt":{"rendered":"<p>Notre nouvelle grue mobile de construction MK88 \u2013 la plus grande et la plus puissante grue \u00e0 quatre essieux actuellement sur le march\u00e9 \u2013 est venue r\u00e9cemment compl\u00e9ter notre flotte d\u2019autogrues. Cette grue peut se d\u00e9ployer sans qu\u2019il soit n\u00e9cessaire de transporter s\u00e9par\u00e9ment des contrepoids. La tour verticale permet de la monter et de l\u2019utiliser [&hellip;]<\/p>\n","protected":false},"author":4,"featured_media":0,"parent":851,"menu_order":2,"comment_status":"closed","ping_status":"closed","template":"page.php","meta":{"footnotes":""},"class_list":["post-855","page","type-page","status-publish","hentry"],"publishpress_future_workflow_manual_trigger":{"enabledWorkflows":[]},"_links":{"self":[{"href":"https:\/\/www.christen-biel.ch\/fr\/wp-json\/wp\/v2\/pages\/855","targetHints":{"allow":["GET"]}}],"collection":[{"href":"https:\/\/www.christen-biel.ch\/fr\/wp-json\/wp\/v2\/pages"}],"about":[{"href":"https:\/\/www.christen-biel.ch\/fr\/wp-json\/wp\/v2\/types\/page"}],"author":[{"embeddable":true,"href":"https:\/\/www.christen-biel.ch\/fr\/wp-json\/wp\/v2\/users\/4"}],"replies":[{"embeddable":true,"href":"https:\/\/www.christen-biel.ch\/fr\/wp-json\/wp\/v2\/comments?post=855"}],"version-history":[{"count":1,"href":"https:\/\/www.christen-biel.ch\/fr\/wp-json\/wp\/v2\/pages\/855\/revisions"}],"predecessor-version":[{"id":860,"href":"https:\/\/www.christen-biel.ch\/fr\/wp-json\/wp\/v2\/pages\/855\/revisions\/860"}],"up":[{"embeddable":true,"href":"https:\/\/www.christen-biel.ch\/fr\/wp-json\/wp\/v2\/pages\/851"}],"wp:attachment":[{"href":"https:\/\/www.christen-biel.ch\/fr\/wp-json\/wp\/v2\/media?parent=855"}],"curies":[{"name":"wp","href":"https:\/\/api.w.org\/{rel}","templated":true}]}}