{"id":856,"date":"2016-11-24T15:49:07","date_gmt":"2016-11-24T14:49:07","guid":{"rendered":"https:\/\/www.christen-biel.ch\/dienstleistungen\/krane\/lkw-krane\/"},"modified":"2017-11-13T14:25:02","modified_gmt":"2017-11-13T13:25:02","slug":"lkw-krane","status":"publish","type":"page","link":"https:\/\/www.christen-biel.ch\/fr\/dienstleistungen\/krane\/lkw-krane\/","title":{"rendered":"Camions-grues"},"content":{"rendered":"<p>Nos camions-grues et camions-grues articul\u00e9s avec remorque surbaiss\u00e9e prennent en charge des objets extra-longs, de hauteur extr\u00eame ou de forme encombrante qu\u2019ils peuvent charger et d\u00e9charger de mani\u00e8re autonome. Par leur capacit\u00e9 \u00e0 transporter des marchandises et \u00e0 les d\u00e9poser exactement au bon endroit, les camions-grues sont aujourd\u2019hui des outils de travail et de transport indispensables.  <\/p>\n<h3>Notre offre de travaux de grutage:<\/h3>\n<ul>\n<li>Levage et transport de marchandises diverses<\/li>\n<li>Chargement et d\u00e9chargement de mat\u00e9riaux et d\u2019outils divers<\/li>\n<li>Construction m\u00e9tallique et d\u2019\u00e9l\u00e9ments<\/li>\n<li>Assainissement de balcons et de terrasses<\/li>\n<li>Assainissement de toits plats ou en pente<\/li>\n<li>Levage et transport d\u2019arbres d\u2019ornement<\/li>\n<li>Installation de panneaux solaires<\/li>\n<li>Divers travaux de montage et de d\u00e9montage<\/li>\n<\/ul>\n<h3>Un prestataire unique<\/h3>\n<p>Vous d\u00e9cidez du moment et du lieu de l\u2019intervention et nous nous chargeons du reste:<\/p>\n<ul>\n<li>Conseil personnalis\u00e9 et sans engagement sur place<\/li>\n<li>Planification et r\u00e9alisation de travaux de grutage avec l\u2019aide des moyens informatiques les plus modernes<\/li>\n<\/ul>\n","protected":false},"excerpt":{"rendered":"<p>Nos camions-grues et camions-grues articul\u00e9s avec remorque surbaiss\u00e9e prennent en charge des objets extra-longs, de hauteur extr\u00eame ou de forme encombrante qu\u2019ils peuvent charger et d\u00e9charger de mani\u00e8re autonome. Par leur capacit\u00e9 \u00e0 transporter des marchandises et \u00e0 les d\u00e9poser exactement au bon endroit, les camions-grues sont aujourd\u2019hui des outils de travail et de transport [&hellip;]<\/p>\n","protected":false},"author":4,"featured_media":0,"parent":851,"menu_order":3,"comment_status":"closed","ping_status":"closed","template":"page.php","meta":{"footnotes":""},"class_list":["post-856","page","type-page","status-publish","hentry"],"publishpress_future_workflow_manual_trigger":{"enabledWorkflows":[]},"_links":{"self":[{"href":"https:\/\/www.christen-biel.ch\/fr\/wp-json\/wp\/v2\/pages\/856","targetHints":{"allow":["GET"]}}],"collection":[{"href":"https:\/\/www.christen-biel.ch\/fr\/wp-json\/wp\/v2\/pages"}],"about":[{"href":"https:\/\/www.christen-biel.ch\/fr\/wp-json\/wp\/v2\/types\/page"}],"author":[{"embeddable":true,"href":"https:\/\/www.christen-biel.ch\/fr\/wp-json\/wp\/v2\/users\/4"}],"replies":[{"embeddable":true,"href":"https:\/\/www.christen-biel.ch\/fr\/wp-json\/wp\/v2\/comments?post=856"}],"version-history":[{"count":2,"href":"https:\/\/www.christen-biel.ch\/fr\/wp-json\/wp\/v2\/pages\/856\/revisions"}],"predecessor-version":[{"id":862,"href":"https:\/\/www.christen-biel.ch\/fr\/wp-json\/wp\/v2\/pages\/856\/revisions\/862"}],"up":[{"embeddable":true,"href":"https:\/\/www.christen-biel.ch\/fr\/wp-json\/wp\/v2\/pages\/851"}],"wp:attachment":[{"href":"https:\/\/www.christen-biel.ch\/fr\/wp-json\/wp\/v2\/media?parent=856"}],"curies":[{"name":"wp","href":"https:\/\/api.w.org\/{rel}","templated":true}]}}