{"id":857,"date":"2016-11-24T15:51:14","date_gmt":"2016-11-24T14:51:14","guid":{"rendered":"https:\/\/www.christen-biel.ch\/dienstleistungen\/krane\/hebebuehnen-stapler\/"},"modified":"2016-12-12T11:04:58","modified_gmt":"2016-12-12T10:04:58","slug":"hebebuehnen-stapler","status":"publish","type":"page","link":"https:\/\/www.christen-biel.ch\/fr\/dienstleistungen\/krane\/hebebuehnen-stapler\/","title":{"rendered":"Nacelles"},"content":{"rendered":"<p>Nos nacelles peuvent \u00eatre install\u00e9es sur de petites surfaces et atteignent de grandes hauteurs. Avec des interventions de br\u00e8ve dur\u00e9e, ces plateformes mobiles vous permettent de remplacer des \u00e9chelles ou des \u00e9chafaudages en vous faisant gagner du temps et de l\u2019argent. Les nacelles sont stables et s\u00fbres et permettent une intervention \u00e0 grande hauteur. <\/p>\n<p>Nous vous livrons votre nacelle ponctuellement \u00e0 l\u2019endroit d\u00e9sir\u00e9 et nous vous donnons une instruction sur place. En cas de probl\u00e8me, nos m\u00e9caniciens sont toujours joignables et interviennent rapidement.<br \/>\nGr\u00e2ce \u00e0 notre collaboration avec des entreprises partenaires tri\u00e9es sur le volet, nous sommes toujours en mesure de mettre \u00e0 votre disposition une nacelle appropri\u00e9e au moment voulu.<\/p>\n<h3>Domaines d\u2019intervention possibles avec une nacelle:<\/h3>\n<ul>\n<li>Assainissement de fa\u00e7ades ou de joints<\/li>\n<li>Assainissement de m\u00e9tal ou de toitures<\/li>\n<li>Montage de posters g\u00e9ants ou d\u2019affichage publicitaire ext\u00e9rieur<\/li>\n<li>Montage et r\u00e9paration de stores et de volets roulants<\/li>\n<li>Montage de projecteurs et travaux \u00e9lectriques<\/li>\n<li>Travaux de nettoyage et de maintenance<\/li>\n<li>Soin des arbres<\/li>\n<li>Construction de stands<\/li>\n<li>Assainissement de b\u00e2timents historiques<\/li>\n<\/ul>\n","protected":false},"excerpt":{"rendered":"<p>Nos nacelles peuvent \u00eatre install\u00e9es sur de petites surfaces et atteignent de grandes hauteurs. Avec des interventions de br\u00e8ve dur\u00e9e, ces plateformes mobiles vous permettent de remplacer des \u00e9chelles ou des \u00e9chafaudages en vous faisant gagner du temps et de l\u2019argent. Les nacelles sont stables et s\u00fbres et permettent une intervention \u00e0 grande hauteur. Nous [&hellip;]<\/p>\n","protected":false},"author":4,"featured_media":0,"parent":851,"menu_order":4,"comment_status":"closed","ping_status":"closed","template":"page.php","meta":{"footnotes":""},"class_list":["post-857","page","type-page","status-publish","hentry"],"publishpress_future_workflow_manual_trigger":{"enabledWorkflows":[]},"_links":{"self":[{"href":"https:\/\/www.christen-biel.ch\/fr\/wp-json\/wp\/v2\/pages\/857","targetHints":{"allow":["GET"]}}],"collection":[{"href":"https:\/\/www.christen-biel.ch\/fr\/wp-json\/wp\/v2\/pages"}],"about":[{"href":"https:\/\/www.christen-biel.ch\/fr\/wp-json\/wp\/v2\/types\/page"}],"author":[{"embeddable":true,"href":"https:\/\/www.christen-biel.ch\/fr\/wp-json\/wp\/v2\/users\/4"}],"replies":[{"embeddable":true,"href":"https:\/\/www.christen-biel.ch\/fr\/wp-json\/wp\/v2\/comments?post=857"}],"version-history":[{"count":2,"href":"https:\/\/www.christen-biel.ch\/fr\/wp-json\/wp\/v2\/pages\/857\/revisions"}],"predecessor-version":[{"id":864,"href":"https:\/\/www.christen-biel.ch\/fr\/wp-json\/wp\/v2\/pages\/857\/revisions\/864"}],"up":[{"embeddable":true,"href":"https:\/\/www.christen-biel.ch\/fr\/wp-json\/wp\/v2\/pages\/851"}],"wp:attachment":[{"href":"https:\/\/www.christen-biel.ch\/fr\/wp-json\/wp\/v2\/media?parent=857"}],"curies":[{"name":"wp","href":"https:\/\/api.w.org\/{rel}","templated":true}]}}