{"id":858,"date":"2016-11-25T14:22:27","date_gmt":"2016-11-25T13:22:27","guid":{"rendered":"https:\/\/www.christen-biel.ch\/dienstleistungen\/krane\/stapler\/"},"modified":"2016-12-12T11:06:44","modified_gmt":"2016-12-12T10:06:44","slug":"stapler","status":"publish","type":"page","link":"https:\/\/www.christen-biel.ch\/fr\/dienstleistungen\/krane\/stapler\/","title":{"rendered":"El\u00e9vateurs"},"content":{"rendered":"<p>Nos diff\u00e9rents mod\u00e8les avec capacit\u00e9 de levage \u00e0 2,5 tonnes, 8 tonnes ou 12 tonnes sont polyvalents et peuvent \u00eatre utiles \u00e0 de nombreux corps de m\u00e9tier. Une intervention en pleine rue est possible car tous nos \u00e9l\u00e9vateurs sont homologu\u00e9s pour la route. Nos chauffeurs transportent l\u2019\u00e9l\u00e9vateur directement \u00e0 l\u2019endroit souhait\u00e9 o\u00f9 il peut \u00eatre utilis\u00e9 imm\u00e9diatement.<\/p>\n","protected":false},"excerpt":{"rendered":"<p>Nos diff\u00e9rents mod\u00e8les avec capacit\u00e9 de levage \u00e0 2,5 tonnes, 8 tonnes ou 12 tonnes sont polyvalents et peuvent \u00eatre utiles \u00e0 de nombreux corps de m\u00e9tier. Une intervention en pleine rue est possible car tous nos \u00e9l\u00e9vateurs sont homologu\u00e9s pour la route. Nos chauffeurs transportent l\u2019\u00e9l\u00e9vateur directement \u00e0 l\u2019endroit souhait\u00e9 o\u00f9 il peut \u00eatre [&hellip;]<\/p>\n","protected":false},"author":4,"featured_media":0,"parent":851,"menu_order":5,"comment_status":"closed","ping_status":"closed","template":"page.php","meta":{"footnotes":""},"class_list":["post-858","page","type-page","status-publish","hentry"],"publishpress_future_workflow_manual_trigger":{"enabledWorkflows":[]},"_links":{"self":[{"href":"https:\/\/www.christen-biel.ch\/fr\/wp-json\/wp\/v2\/pages\/858","targetHints":{"allow":["GET"]}}],"collection":[{"href":"https:\/\/www.christen-biel.ch\/fr\/wp-json\/wp\/v2\/pages"}],"about":[{"href":"https:\/\/www.christen-biel.ch\/fr\/wp-json\/wp\/v2\/types\/page"}],"author":[{"embeddable":true,"href":"https:\/\/www.christen-biel.ch\/fr\/wp-json\/wp\/v2\/users\/4"}],"replies":[{"embeddable":true,"href":"https:\/\/www.christen-biel.ch\/fr\/wp-json\/wp\/v2\/comments?post=858"}],"version-history":[{"count":2,"href":"https:\/\/www.christen-biel.ch\/fr\/wp-json\/wp\/v2\/pages\/858\/revisions"}],"predecessor-version":[{"id":866,"href":"https:\/\/www.christen-biel.ch\/fr\/wp-json\/wp\/v2\/pages\/858\/revisions\/866"}],"up":[{"embeddable":true,"href":"https:\/\/www.christen-biel.ch\/fr\/wp-json\/wp\/v2\/pages\/851"}],"wp:attachment":[{"href":"https:\/\/www.christen-biel.ch\/fr\/wp-json\/wp\/v2\/media?parent=858"}],"curies":[{"name":"wp","href":"https:\/\/api.w.org\/{rel}","templated":true}]}}