{"id":907,"date":"2016-10-25T13:21:32","date_gmt":"2016-10-25T11:21:32","guid":{"rendered":"https:\/\/www.christen-biel.ch\/impressum\/"},"modified":"2020-11-16T13:57:10","modified_gmt":"2020-11-16T12:57:10","slug":"impressum","status":"publish","type":"page","link":"https:\/\/www.christen-biel.ch\/fr\/impressum\/","title":{"rendered":"Impressum"},"content":{"rendered":"<p>Christen + CIE SA<br \/>\nRue des Cygnes 34<br \/>\nCH-2501 Bienne<\/p>\n<p>T\u00e9l\u00e9phone 032 366 70 70<br \/>\n<a href=\"mai&#108;&#116;o&#58;&#105;n&#102;o&#64;chr&#105;s&#116;e&#110;&#45;bi&#101;&#108;.c&#104;\">&#105;&#110;fo&#64;chris&#116;e&#110;-b&#105;&#101;&#108;&#46;&#99;&#104;<\/a><\/p>\n<p><strong>Exemption de responsabilit\u00e9<\/strong><br \/>\nL\u2019auteur d\u00e9cline toute responsabilit\u00e9 en ce qui concerne l\u2019exactitude du contenu, la pr\u00e9cision, l\u2019actualit\u00e9, la fiabilit\u00e9 et l\u2019exhaustivit\u00e9 des informations.<\/p>\n<p>L\u2019auteur ne peut en aucun cas \u00eatre tenu responsable de dommages mat\u00e9riels ou immat\u00e9riels d\u00e9coulant de l\u2019acc\u00e8s ou de l\u2019utilisation \u2013 respectivement de la non-utilisation \u2013 des informations publi\u00e9es, d\u2019un mauvais usage de la connexion ou de d\u00e9faillances techniques.<\/p>\n<p>Toutes les offres sont sans engagement. L\u2019auteur se r\u00e9serve explicitement le droit de modifier, de compl\u00e9ter ou de supprimer des parties du site ou le site complet, ou de suspendre temporairement ou d\u00e9finitivement la publication, sans avis pr\u00e9alable.<\/p>\n<p><strong>Responsabilit\u00e9 pour les liens hypertextes<\/strong><br \/>\nLes renvois et les liens vers des sites internet de tiers ne rel\u00e8vent pas de notre responsabilit\u00e9. Nous d\u00e9clinons toute responsabilit\u00e9 en ce qui concerne de tels sites internet. L\u2019acc\u00e8s et l\u2019utilisation de tels sites internet se font aux risques de l\u2019utilisateur ou de l\u2019utilisatrice. <\/p>\n<p><strong>Droits d\u2019auteur<\/strong><br \/>\nLes droits d\u2019auteur et tout autre droit sur des contenus, images, photographies ou autres donn\u00e9es figurant sur le site internet sont la propri\u00e9t\u00e9 exclusive de Christen + Cie SA ou des ayants droit sp\u00e9cifiquement d\u00e9sign\u00e9s. Toute reproduction d\u2019\u00e9l\u00e9ments du site internet requiert une autorisation pr\u00e9alable \u00e9crite des ayants droit.<\/p>\n<p><strong>Concept, design &#038; r\u00e9alisation technique<\/strong><br \/>\nNeofluxe<br \/>\nRue du Faucon 44<br \/>\n2502 Bienne<br \/>\nT\u00e9l\u00e9phone 032 322 44 00<br \/>\n<a href=\"http:\/\/neofluxe.com\"> www.neofluxe.com<\/a><\/p>\n","protected":false},"excerpt":{"rendered":"<p>Christen + CIE SA Rue des Cygnes 34 CH-2501 Bienne T\u00e9l\u00e9phone 032 366 70 70 Exemption de responsabilit\u00e9 L\u2019auteur d\u00e9cline toute responsabilit\u00e9 en ce qui concerne l\u2019exactitude du contenu, la pr\u00e9cision, l\u2019actualit\u00e9, la fiabilit\u00e9 et l\u2019exhaustivit\u00e9 des informations. L\u2019auteur ne peut en aucun cas \u00eatre tenu responsable de dommages mat\u00e9riels ou immat\u00e9riels d\u00e9coulant de l\u2019acc\u00e8s [&hellip;]<\/p>\n","protected":false},"author":4,"featured_media":0,"parent":0,"menu_order":7,"comment_status":"closed","ping_status":"closed","template":"page.php","meta":{"footnotes":""},"class_list":["post-907","page","type-page","status-publish","hentry"],"publishpress_future_workflow_manual_trigger":{"enabledWorkflows":[]},"_links":{"self":[{"href":"https:\/\/www.christen-biel.ch\/fr\/wp-json\/wp\/v2\/pages\/907","targetHints":{"allow":["GET"]}}],"collection":[{"href":"https:\/\/www.christen-biel.ch\/fr\/wp-json\/wp\/v2\/pages"}],"about":[{"href":"https:\/\/www.christen-biel.ch\/fr\/wp-json\/wp\/v2\/types\/page"}],"author":[{"embeddable":true,"href":"https:\/\/www.christen-biel.ch\/fr\/wp-json\/wp\/v2\/users\/4"}],"replies":[{"embeddable":true,"href":"https:\/\/www.christen-biel.ch\/fr\/wp-json\/wp\/v2\/comments?post=907"}],"version-history":[{"count":4,"href":"https:\/\/www.christen-biel.ch\/fr\/wp-json\/wp\/v2\/pages\/907\/revisions"}],"predecessor-version":[{"id":1370,"href":"https:\/\/www.christen-biel.ch\/fr\/wp-json\/wp\/v2\/pages\/907\/revisions\/1370"}],"wp:attachment":[{"href":"https:\/\/www.christen-biel.ch\/fr\/wp-json\/wp\/v2\/media?parent=907"}],"curies":[{"name":"wp","href":"https:\/\/api.w.org\/{rel}","templated":true}]}}