{"id":908,"date":"2016-10-25T13:30:17","date_gmt":"2016-10-25T11:30:17","guid":{"rendered":"https:\/\/www.christen-biel.ch\/agb\/"},"modified":"2020-08-24T08:16:34","modified_gmt":"2020-08-24T06:16:34","slug":"agb","status":"publish","type":"page","link":"https:\/\/www.christen-biel.ch\/fr\/agb\/","title":{"rendered":"Conditions g\u00e9n\u00e9rales"},"content":{"rendered":"<p><b>Modalit\u00e9s de paiement:<\/b><br \/>\n30 jours net<\/p>\n<p><b>D\u00e9lai de r\u00e9clamation\u00a0:<\/b><br \/>\n8 jours d\u00e8s r\u00e9ception de la facture<\/p>\n<p><b>Num\u00e9ro de TVA\u00a0:<\/b><br \/>\nCHE-116.309.768 TVA<\/p>\n<p><b>IBAN:<\/b><br \/>\nCH38 0900 0000 2500 0638 9<\/p>\n<h2>Conditions g\u00e9n\u00e9rales<\/h2>\n<p><b>Conditions g\u00e9n\u00e9rales \u00e0 imprimer \/ t\u00e9l\u00e9charger:<\/b><br \/>\n<a href=\"https:\/\/www.christen-biel.ch\/wp-content\/uploads\/2020\/08\/CHRISTEN-CIE-CG-2020.pdf\">Conditions g\u00e9n\u00e9rales Christen + CIE SA Bienne<\/a><\/p>\n","protected":false},"excerpt":{"rendered":"<p>Modalit\u00e9s de paiement: 30 jours net D\u00e9lai de r\u00e9clamation\u00a0: 8 jours d\u00e8s r\u00e9ception de la facture Num\u00e9ro de TVA\u00a0: CHE-116.309.768 TVA IBAN: CH38 0900 0000 2500 0638 9 Conditions g\u00e9n\u00e9rales Conditions g\u00e9n\u00e9rales \u00e0 imprimer \/ t\u00e9l\u00e9charger: Conditions g\u00e9n\u00e9rales Christen + CIE SA Bienne<\/p>\n","protected":false},"author":4,"featured_media":0,"parent":0,"menu_order":8,"comment_status":"closed","ping_status":"closed","template":"page.php","meta":{"footnotes":""},"class_list":["post-908","page","type-page","status-publish","hentry"],"publishpress_future_workflow_manual_trigger":{"enabledWorkflows":[]},"_links":{"self":[{"href":"https:\/\/www.christen-biel.ch\/fr\/wp-json\/wp\/v2\/pages\/908","targetHints":{"allow":["GET"]}}],"collection":[{"href":"https:\/\/www.christen-biel.ch\/fr\/wp-json\/wp\/v2\/pages"}],"about":[{"href":"https:\/\/www.christen-biel.ch\/fr\/wp-json\/wp\/v2\/types\/page"}],"author":[{"embeddable":true,"href":"https:\/\/www.christen-biel.ch\/fr\/wp-json\/wp\/v2\/users\/4"}],"replies":[{"embeddable":true,"href":"https:\/\/www.christen-biel.ch\/fr\/wp-json\/wp\/v2\/comments?post=908"}],"version-history":[{"count":4,"href":"https:\/\/www.christen-biel.ch\/fr\/wp-json\/wp\/v2\/pages\/908\/revisions"}],"predecessor-version":[{"id":1364,"href":"https:\/\/www.christen-biel.ch\/fr\/wp-json\/wp\/v2\/pages\/908\/revisions\/1364"}],"wp:attachment":[{"href":"https:\/\/www.christen-biel.ch\/fr\/wp-json\/wp\/v2\/media?parent=908"}],"curies":[{"name":"wp","href":"https:\/\/api.w.org\/{rel}","templated":true}]}}